{"id":248965,"date":"2023-08-08T09:25:50","date_gmt":"2023-08-08T09:25:50","guid":{"rendered":"https:\/\/itelligent.es\/casos-de-exito\/"},"modified":"2023-10-31T12:41:35","modified_gmt":"2023-10-31T12:41:35","slug":"success-cases","status":"publish","type":"page","link":"https:\/\/itelligent.es\/en\/success-cases\/","title":{"rendered":"Success cases"},"content":{"rendered":"<p>[et_pb_section fb_built=&#8221;1&#8243; admin_label=&#8221;section&#8221; _builder_version=&#8221;4.20.4&#8243; background_color=&#8221;#264300&#8243; background_image=&#8221;https:\/\/itelligent.es\/wp-content\/uploads\/itelligent-casos-de-exito-background.jpg&#8221; global_colors_info=&#8221;{}&#8221;][et_pb_row custom_padding_last_edited=&#8221;on|phone&#8221; admin_label=&#8221;row&#8221; _builder_version=&#8221;4.22.1&#8243; background_size=&#8221;initial&#8221; background_position=&#8221;top_left&#8221; background_repeat=&#8221;repeat&#8221; width=&#8221;100%&#8221; max_width=&#8221;80%&#8221; custom_margin=&#8221;||0px||false|false&#8221; custom_padding=&#8221;13em||2em||false|false&#8221; custom_padding_tablet=&#8221;13em||2em||false|false&#8221; custom_padding_phone=&#8221;4em||2em||false|false&#8221; global_colors_info=&#8221;{}&#8221;][et_pb_column type=&#8221;4_4&#8243; _builder_version=&#8221;4.16&#8243; custom_padding=&#8221;|||&#8221; global_colors_info=&#8221;{}&#8221; custom_padding__hover=&#8221;|||&#8221;][et_pb_post_title meta=&#8221;off&#8221; featured_image=&#8221;off&#8221; _builder_version=&#8221;4.22.1&#8243; _module_preset=&#8221;default&#8221; title_font=&#8221;|||on|||||&#8221; title_text_align=&#8221;center&#8221; title_text_color=&#8221;#FFFFFF&#8221; title_font_size=&#8221;40px&#8221; background_enable_image=&#8221;off&#8221; title_font_size_tablet=&#8221;40px&#8221; title_font_size_phone=&#8221;30px&#8221; title_font_size_last_edited=&#8221;on|phone&#8221; title_text_shadow_style=&#8221;preset1&#8243; global_colors_info=&#8221;{}&#8221;][\/et_pb_post_title][\/et_pb_column][\/et_pb_row][\/et_pb_section][et_pb_section fb_built=&#8221;1&#8243; _builder_version=&#8221;4.20.4&#8243; _module_preset=&#8221;default&#8221; global_colors_info=&#8221;{}&#8221;][et_pb_row _builder_version=&#8221;4.20.4&#8243; _module_preset=&#8221;default&#8221; locked=&#8221;off&#8221; global_colors_info=&#8221;{}&#8221;][et_pb_column type=&#8221;4_4&#8243; _builder_version=&#8221;4.20.4&#8243; _module_preset=&#8221;default&#8221; global_colors_info=&#8221;{}&#8221;][et_pb_blog post_type=&#8221;project&#8221; posts_number=&#8221;27&#8243; show_more=&#8221;on&#8221; show_author=&#8221;off&#8221; show_date=&#8221;off&#8221; module_class=&#8221;modulo-entradas casos-de-exito&#8221; _builder_version=&#8221;4.22.1&#8243; _module_preset=&#8221;default&#8221; header_text_color=&#8221;#558300&#8243; header_font_size=&#8221;20px&#8221; header_line_height=&#8221;1.3em&#8221; body_text_color=&#8221;#000000&#8243; meta_font=&#8221;|||on|||||&#8221; read_more_text_color=&#8221;#558300&#8243; border_width_all=&#8221;0px&#8221; global_colors_info=&#8221;{}&#8221; read_more_text_color__hover_enabled=&#8221;on|hover&#8221; read_more_text_color__hover=&#8221;#A6C30D&#8221; box_shadow_color__hover_enabled=&#8221;on|desktop&#8221; box_shadow_color__hover=&#8221;#A6C30D&#8221;][\/et_pb_blog][\/et_pb_column][\/et_pb_row][\/et_pb_section][et_pb_section fb_built=&#8221;1&#8243; disabled_on=&#8221;off|off|off&#8221; _builder_version=&#8221;4.20.4&#8243; _module_preset=&#8221;default&#8221; background_image=&#8221;https:\/\/itelligent.es\/wp-content\/uploads\/B_2_.png&#8221; background_position=&#8221;center_left&#8221; saved_tabs=&#8221;all&#8221; locked=&#8221;off&#8221; global_colors_info=&#8221;{}&#8221; global_module=&#8221;249054&#8243; theme_builder_area=&#8221;post_content&#8221;][et_pb_row _builder_version=&#8221;4.20.4&#8243; _module_preset=&#8221;default&#8221; background_color=&#8221;#558300&#8243; background_image=&#8221;https:\/\/itelligent.es\/wp-content\/uploads\/Group-254.jpg&#8221; custom_padding=&#8221;80px|50px|80px|50px|true|true&#8221; global_colors_info=&#8221;{}&#8221; theme_builder_area=&#8221;post_content&#8221;][et_pb_column type=&#8221;4_4&#8243; _builder_version=&#8221;4.20.4&#8243; _module_preset=&#8221;default&#8221; global_colors_info=&#8221;{}&#8221; theme_builder_area=&#8221;post_content&#8221;][et_pb_text _builder_version=&#8221;4.22.2&#8243; _module_preset=&#8221;default&#8221; text_text_color=&#8221;#FFFFFF&#8221; header_3_font=&#8221;|||on|||||&#8221; header_3_text_color=&#8221;#F1FBBC&#8221; header_3_font_size=&#8221;35px&#8221; header_3_font_size_tablet=&#8221;&#8221; header_3_font_size_phone=&#8221;30px&#8221; header_3_font_size_last_edited=&#8221;on|phone&#8221; global_colors_info=&#8221;{}&#8221; theme_builder_area=&#8221;post_content&#8221;]<\/p>\n<h3>DISCOVER THE POWER OF DATA!<\/h3>\n<p>[\/et_pb_text][et_pb_text _builder_version=&#8221;4.22.2&#8243; _module_preset=&#8221;default&#8221; text_text_color=&#8221;#FFFFFF&#8221; global_colors_info=&#8221;{}&#8221; theme_builder_area=&#8221;post_content&#8221;]<\/p>\n<p>At ITELLIGENT, we turn your data into success opportunities.<\/p>\n<p>[\/et_pb_text][et_pb_button button_url=&#8221;@ET-DC@eyJkeW5hbWljIjp0cnVlLCJjb250ZW50IjoicG9zdF9saW5rX3VybF9wYWdlIiwic2V0dGluZ3MiOnsicG9zdF9pZCI6IjkyIn19@&#8221; button_text=&#8221;TELL US WHAT YOU NEED&#8221; button_text_phone=&#8221;\u00bfQu\u00e9 necesitas?&#8221; button_text_last_edited=&#8221;off|desktop&#8221; _builder_version=&#8221;4.23&#8243; _dynamic_attributes=&#8221;button_url&#8221; _module_preset=&#8221;default&#8221; custom_button=&#8221;on&#8221; button_bg_color=&#8221;#264300&#8243; button_bg_use_color_gradient=&#8221;on&#8221; button_bg_color_gradient_direction=&#8221;-90deg&#8221; button_bg_color_gradient_stops=&#8221;#608e22 0%|#a6c30d 100%&#8221; button_use_icon=&#8221;off&#8221; custom_padding=&#8221;10px|25px|10px|25px|true|true&#8221; global_colors_info=&#8221;{}&#8221; button_bg_color__hover_enabled=&#8221;on|hover&#8221; button_bg_color__hover=&#8221;#FFFFFF&#8221; button_bg_enable_color__hover=&#8221;on&#8221; button_bg_use_color_gradient__hover=&#8221;off&#8221; button_text_color__hover_enabled=&#8221;on|desktop&#8221; button_text_color__hover=&#8221;#608E22&#8243; theme_builder_area=&#8221;post_content&#8221;][\/et_pb_button][\/et_pb_column][\/et_pb_row][\/et_pb_section]<\/p>\n","protected":false},"excerpt":{"rendered":"<p>DISCOVER THE POWER OF DATA!At ITELLIGENT, we turn your data into success opportunities.<\/p>\n","protected":false},"author":4,"featured_media":0,"parent":0,"menu_order":0,"comment_status":"closed","ping_status":"closed","template":"","meta":{"_et_pb_use_builder":"on","_et_pb_old_content":"","_et_gb_content_width":"","footnotes":""},"class_list":["post-248965","page","type-page","status-publish","hentry"],"yoast_head":"<!-- This site is optimized with the Yoast SEO plugin v27.6 - https:\/\/yoast.com\/product\/yoast-seo-wordpress\/ -->\n<title>Success cases | ITELLIGENT INFORMATION TECHNOLOGIES<\/title>\n<meta name=\"description\" content=\"Transformaci\u00f3n Digital. Consultor\u00eda de datos. Plataforma de datos. Plataformas de apoyo a la decisi\u00f3n basado en Inteligencia Artificial. Consultora en Industria 4.0 y Smart City.\" \/>\n<meta name=\"robots\" content=\"index, follow, max-snippet:-1, max-image-preview:large, max-video-preview:-1\" \/>\n<link rel=\"canonical\" href=\"https:\/\/itelligent.es\/en\/success-cases\/\" \/>\n<meta property=\"og:locale\" content=\"en_US\" \/>\n<meta property=\"og:type\" content=\"article\" \/>\n<meta property=\"og:title\" content=\"Success cases | ITELLIGENT INFORMATION TECHNOLOGIES\" \/>\n<meta property=\"og:description\" content=\"Transformaci\u00f3n Digital. Consultor\u00eda de datos. Plataforma de datos. Plataformas de apoyo a la decisi\u00f3n basado en Inteligencia Artificial. Consultora en Industria 4.0 y Smart City.\" \/>\n<meta property=\"og:url\" content=\"https:\/\/itelligent.es\/en\/success-cases\/\" \/>\n<meta property=\"og:site_name\" content=\"ITELLIGENT\" \/>\n<meta property=\"article:modified_time\" content=\"2023-10-31T12:41:35+00:00\" \/>\n<meta name=\"twitter:card\" content=\"summary_large_image\" \/>\n<meta name=\"twitter:label1\" content=\"Est. reading time\" \/>\n\t<meta name=\"twitter:data1\" content=\"1 minute\" \/>\n<script type=\"application\/ld+json\" class=\"yoast-schema-graph\">{\"@context\":\"https:\\\/\\\/schema.org\",\"@graph\":[{\"@type\":\"WebPage\",\"@id\":\"https:\\\/\\\/itelligent.es\\\/en\\\/success-cases\\\/\",\"url\":\"https:\\\/\\\/itelligent.es\\\/en\\\/success-cases\\\/\",\"name\":\"Success cases | ITELLIGENT INFORMATION TECHNOLOGIES\",\"isPartOf\":{\"@id\":\"https:\\\/\\\/itelligent.es\\\/en\\\/#website\"},\"datePublished\":\"2023-08-08T09:25:50+00:00\",\"dateModified\":\"2023-10-31T12:41:35+00:00\",\"description\":\"Transformaci\u00f3n Digital. Consultor\u00eda de datos. Plataforma de datos. Plataformas de apoyo a la decisi\u00f3n basado en Inteligencia Artificial. Consultora en Industria 4.0 y Smart City.\",\"breadcrumb\":{\"@id\":\"https:\\\/\\\/itelligent.es\\\/en\\\/success-cases\\\/#breadcrumb\"},\"inLanguage\":\"en-US\",\"potentialAction\":[{\"@type\":\"ReadAction\",\"target\":[\"https:\\\/\\\/itelligent.es\\\/en\\\/success-cases\\\/\"]}]},{\"@type\":\"BreadcrumbList\",\"@id\":\"https:\\\/\\\/itelligent.es\\\/en\\\/success-cases\\\/#breadcrumb\",\"itemListElement\":[{\"@type\":\"ListItem\",\"position\":1,\"name\":\"Portada\",\"item\":\"https:\\\/\\\/itelligent.es\\\/en\\\/\"},{\"@type\":\"ListItem\",\"position\":2,\"name\":\"Success cases\"}]},{\"@type\":\"WebSite\",\"@id\":\"https:\\\/\\\/itelligent.es\\\/en\\\/#website\",\"url\":\"https:\\\/\\\/itelligent.es\\\/en\\\/\",\"name\":\"ITELLIGENT\",\"description\":\"Inteligencia Artificial y Big Data\",\"publisher\":{\"@id\":\"https:\\\/\\\/itelligent.es\\\/en\\\/#organization\"},\"potentialAction\":[{\"@type\":\"SearchAction\",\"target\":{\"@type\":\"EntryPoint\",\"urlTemplate\":\"https:\\\/\\\/itelligent.es\\\/en\\\/?s={search_term_string}\"},\"query-input\":{\"@type\":\"PropertyValueSpecification\",\"valueRequired\":true,\"valueName\":\"search_term_string\"}}],\"inLanguage\":\"en-US\"},{\"@type\":\"Organization\",\"@id\":\"https:\\\/\\\/itelligent.es\\\/en\\\/#organization\",\"name\":\"ITELLIGENT\",\"alternateName\":\"ITELLIGENT - Big data\",\"url\":\"https:\\\/\\\/itelligent.es\\\/en\\\/\",\"logo\":{\"@type\":\"ImageObject\",\"inLanguage\":\"en-US\",\"@id\":\"https:\\\/\\\/itelligent.es\\\/en\\\/#\\\/schema\\\/logo\\\/image\\\/\",\"url\":\"https:\\\/\\\/itelligent.es\\\/wp-content\\\/uploads\\\/itelligent-logotipo.png\",\"contentUrl\":\"https:\\\/\\\/itelligent.es\\\/wp-content\\\/uploads\\\/itelligent-logotipo.png\",\"width\":300,\"height\":83,\"caption\":\"ITELLIGENT\"},\"image\":{\"@id\":\"https:\\\/\\\/itelligent.es\\\/en\\\/#\\\/schema\\\/logo\\\/image\\\/\"}}]}<\/script>\n<!-- \/ Yoast SEO plugin. -->","yoast_head_json":{"title":"Success cases | ITELLIGENT INFORMATION TECHNOLOGIES","description":"Transformaci\u00f3n Digital. Consultor\u00eda de datos. Plataforma de datos. Plataformas de apoyo a la decisi\u00f3n basado en Inteligencia Artificial. Consultora en Industria 4.0 y Smart City.","robots":{"index":"index","follow":"follow","max-snippet":"max-snippet:-1","max-image-preview":"max-image-preview:large","max-video-preview":"max-video-preview:-1"},"canonical":"https:\/\/itelligent.es\/en\/success-cases\/","og_locale":"en_US","og_type":"article","og_title":"Success cases | ITELLIGENT INFORMATION TECHNOLOGIES","og_description":"Transformaci\u00f3n Digital. Consultor\u00eda de datos. Plataforma de datos. Plataformas de apoyo a la decisi\u00f3n basado en Inteligencia Artificial. Consultora en Industria 4.0 y Smart City.","og_url":"https:\/\/itelligent.es\/en\/success-cases\/","og_site_name":"ITELLIGENT","article_modified_time":"2023-10-31T12:41:35+00:00","twitter_card":"summary_large_image","twitter_misc":{"Est. reading time":"1 minute"},"schema":{"@context":"https:\/\/schema.org","@graph":[{"@type":"WebPage","@id":"https:\/\/itelligent.es\/en\/success-cases\/","url":"https:\/\/itelligent.es\/en\/success-cases\/","name":"Success cases | ITELLIGENT INFORMATION TECHNOLOGIES","isPartOf":{"@id":"https:\/\/itelligent.es\/en\/#website"},"datePublished":"2023-08-08T09:25:50+00:00","dateModified":"2023-10-31T12:41:35+00:00","description":"Transformaci\u00f3n Digital. Consultor\u00eda de datos. Plataforma de datos. Plataformas de apoyo a la decisi\u00f3n basado en Inteligencia Artificial. Consultora en Industria 4.0 y Smart City.","breadcrumb":{"@id":"https:\/\/itelligent.es\/en\/success-cases\/#breadcrumb"},"inLanguage":"en-US","potentialAction":[{"@type":"ReadAction","target":["https:\/\/itelligent.es\/en\/success-cases\/"]}]},{"@type":"BreadcrumbList","@id":"https:\/\/itelligent.es\/en\/success-cases\/#breadcrumb","itemListElement":[{"@type":"ListItem","position":1,"name":"Portada","item":"https:\/\/itelligent.es\/en\/"},{"@type":"ListItem","position":2,"name":"Success cases"}]},{"@type":"WebSite","@id":"https:\/\/itelligent.es\/en\/#website","url":"https:\/\/itelligent.es\/en\/","name":"ITELLIGENT","description":"Inteligencia Artificial y Big Data","publisher":{"@id":"https:\/\/itelligent.es\/en\/#organization"},"potentialAction":[{"@type":"SearchAction","target":{"@type":"EntryPoint","urlTemplate":"https:\/\/itelligent.es\/en\/?s={search_term_string}"},"query-input":{"@type":"PropertyValueSpecification","valueRequired":true,"valueName":"search_term_string"}}],"inLanguage":"en-US"},{"@type":"Organization","@id":"https:\/\/itelligent.es\/en\/#organization","name":"ITELLIGENT","alternateName":"ITELLIGENT - Big data","url":"https:\/\/itelligent.es\/en\/","logo":{"@type":"ImageObject","inLanguage":"en-US","@id":"https:\/\/itelligent.es\/en\/#\/schema\/logo\/image\/","url":"https:\/\/itelligent.es\/wp-content\/uploads\/itelligent-logotipo.png","contentUrl":"https:\/\/itelligent.es\/wp-content\/uploads\/itelligent-logotipo.png","width":300,"height":83,"caption":"ITELLIGENT"},"image":{"@id":"https:\/\/itelligent.es\/en\/#\/schema\/logo\/image\/"}}]}},"_links":{"self":[{"href":"https:\/\/itelligent.es\/en\/wp-json\/wp\/v2\/pages\/248965","targetHints":{"allow":["GET"]}}],"collection":[{"href":"https:\/\/itelligent.es\/en\/wp-json\/wp\/v2\/pages"}],"about":[{"href":"https:\/\/itelligent.es\/en\/wp-json\/wp\/v2\/types\/page"}],"author":[{"embeddable":true,"href":"https:\/\/itelligent.es\/en\/wp-json\/wp\/v2\/users\/4"}],"replies":[{"embeddable":true,"href":"https:\/\/itelligent.es\/en\/wp-json\/wp\/v2\/comments?post=248965"}],"version-history":[{"count":3,"href":"https:\/\/itelligent.es\/en\/wp-json\/wp\/v2\/pages\/248965\/revisions"}],"predecessor-version":[{"id":249143,"href":"https:\/\/itelligent.es\/en\/wp-json\/wp\/v2\/pages\/248965\/revisions\/249143"}],"wp:attachment":[{"href":"https:\/\/itelligent.es\/en\/wp-json\/wp\/v2\/media?parent=248965"}],"curies":[{"name":"wp","href":"https:\/\/api.w.org\/{rel}","templated":true}]}}